{"id":1171,"date":"2017-02-01T16:30:56","date_gmt":"2017-02-01T16:30:56","guid":{"rendered":"http:\/\/muestra.vansterandlei.com\/?page_id=1171"},"modified":"2017-04-20T07:52:28","modified_gmt":"2017-04-20T07:52:28","slug":"ciencia","status":"publish","type":"page","link":"http:\/\/muestra.vansterandlei.com\/es\/mecanica2\/ciencia\/","title":{"rendered":"Industria de la Ciencia"},"content":{"rendered":"La divisi\u00f3n de Mec\u00e1nica Estructural de Esteyco, ofrece apoyo t\u00e9cnico en diferentes etapas de los procesos de desarrollo para ayudar a cient\u00edficos e investigadores en el dise\u00f1o conceptual y detallado de nuevos equipos e instalaciones singulares \u00fanicas, concebidos para aplicaciones espec\u00edficas y novedosas. Este apoyo suele llevarse a cabo en el contexto de grandes proyectos cient\u00edficos internacionales, pero tambi\u00e9n puede desplegarse a una escala m\u00e1s dom\u00e9stica.<\/p>\n<p>Nuestra actividad abarca desde servicios de consultor\u00eda altamente cualificada en aspectos no-convencionales espec\u00edficos y asociados a un determinado componente, hasta el desarrollo integral de ingenier\u00eda de elementos singulares o conjuntos complejos, incluyendo prototipado, pruebas, fabricaci\u00f3n final y entrega.","protected":false},"excerpt":{"rendered":"<p>La divisi\u00f3n de Mec\u00e1nica Estructural de Esteyco, ofrece apoyo t\u00e9cnico en diferentes etapas de los procesos de desarrollo para ayudar a cient\u00edficos e investigadores en el dise\u00f1o conceptual y detallado de nuevos equipos e instalaciones singulares \u00fanicas, concebidos para aplicaciones espec\u00edficas y novedosas. Este apoyo suele llevarse a cabo en el contexto de grandes proyectos &hellip; <a href=\"http:\/\/muestra.vansterandlei.com\/es\/mecanica2\/ciencia\/\" class=\"more-link\">Continue reading<span class=\"screen-reader-text\"> \u00abIndustria de la Ciencia\u00bb<\/span><\/a><\/p>\n","protected":false},"author":1,"featured_media":2525,"parent":1227,"menu_order":1,"comment_status":"closed","ping_status":"closed","template":"single-proyectos-mecanica_.php","meta":{"pgc_sgb_lightbox_settings":""},"wps_subtitle":"","_links":{"self":[{"href":"http:\/\/muestra.vansterandlei.com\/es\/wp-json\/wp\/v2\/pages\/1171"}],"collection":[{"href":"http:\/\/muestra.vansterandlei.com\/es\/wp-json\/wp\/v2\/pages"}],"about":[{"href":"http:\/\/muestra.vansterandlei.com\/es\/wp-json\/wp\/v2\/types\/page"}],"author":[{"embeddable":true,"href":"http:\/\/muestra.vansterandlei.com\/es\/wp-json\/wp\/v2\/users\/1"}],"replies":[{"embeddable":true,"href":"http:\/\/muestra.vansterandlei.com\/es\/wp-json\/wp\/v2\/comments?post=1171"}],"version-history":[{"count":0,"href":"http:\/\/muestra.vansterandlei.com\/es\/wp-json\/wp\/v2\/pages\/1171\/revisions"}],"up":[{"embeddable":true,"href":"http:\/\/muestra.vansterandlei.com\/es\/wp-json\/wp\/v2\/pages\/1227"}],"wp:featuredmedia":[{"embeddable":true,"href":"http:\/\/muestra.vansterandlei.com\/es\/wp-json\/wp\/v2\/media\/2525"}],"wp:attachment":[{"href":"http:\/\/muestra.vansterandlei.com\/es\/wp-json\/wp\/v2\/media?parent=1171"}],"curies":[{"name":"wp","href":"https:\/\/api.w.org\/{rel}","templated":true}]}}