{"id":1176,"date":"2017-02-01T16:31:09","date_gmt":"2017-02-01T16:31:09","guid":{"rendered":"http:\/\/muestra.vansterandlei.com\/?page_id=1176"},"modified":"2017-04-20T07:52:37","modified_gmt":"2017-04-20T07:52:37","slug":"english-aerospace-and-transport","status":"publish","type":"page","link":"http:\/\/muestra.vansterandlei.com\/es\/mecanica2\/aeroespacial-y-transporte\/","title":{"rendered":"Aeroespacial y Transporte"},"content":{"rendered":"Algunos campos espec\u00edficos de especializaci\u00f3n del departamento de mec\u00e1nica estructural proporcionan una capacidad \u00fanica para apoyar a algunos de los desaf\u00edos t\u00e9cnicos en los proyectos aeroespaciales. La experiencia del personal de \u00a0la divisi\u00f3n de Mec\u00e1nica Estructural de ESTEYCO incluye una serie de realizaciones en el campo de la din\u00e1mica de alta velocidad para los programas Eurofighter y A400M, en ensayos estructurales reales y virtuales de componentes y estructuras de aeronaves y en el dise\u00f1o y an\u00e1lisis de conceptos novedosos para la estabilidad dimensional t\u00e9rmica de componentes pasivos en sat\u00e9lites.<\/p>\n<p>La divisi\u00f3n de mec\u00e1nica estructural utiliza su extensa capacidad de ingenier\u00eda mec\u00e1nica y estructural para apoyar a sus clientes en las industrias ferroviaria, de automoci\u00f3n y naval.","protected":false},"excerpt":{"rendered":"<p>Algunos campos espec\u00edficos de especializaci\u00f3n del departamento de mec\u00e1nica estructural proporcionan una capacidad \u00fanica para apoyar a algunos de los desaf\u00edos t\u00e9cnicos en los proyectos aeroespaciales. La experiencia del personal de \u00a0la divisi\u00f3n de Mec\u00e1nica Estructural de ESTEYCO incluye una serie de realizaciones en el campo de la din\u00e1mica de alta velocidad para los programas &hellip; <a href=\"http:\/\/muestra.vansterandlei.com\/es\/mecanica2\/aeroespacial-y-transporte\/\" class=\"more-link\">Continue reading<span class=\"screen-reader-text\"> \u00abAeroespacial y Transporte\u00bb<\/span><\/a><\/p>\n","protected":false},"author":1,"featured_media":2556,"parent":1227,"menu_order":2,"comment_status":"closed","ping_status":"closed","template":"single-proyectos-mecanica_.php","meta":{"pgc_sgb_lightbox_settings":""},"wps_subtitle":"","_links":{"self":[{"href":"http:\/\/muestra.vansterandlei.com\/es\/wp-json\/wp\/v2\/pages\/1176"}],"collection":[{"href":"http:\/\/muestra.vansterandlei.com\/es\/wp-json\/wp\/v2\/pages"}],"about":[{"href":"http:\/\/muestra.vansterandlei.com\/es\/wp-json\/wp\/v2\/types\/page"}],"author":[{"embeddable":true,"href":"http:\/\/muestra.vansterandlei.com\/es\/wp-json\/wp\/v2\/users\/1"}],"replies":[{"embeddable":true,"href":"http:\/\/muestra.vansterandlei.com\/es\/wp-json\/wp\/v2\/comments?post=1176"}],"version-history":[{"count":0,"href":"http:\/\/muestra.vansterandlei.com\/es\/wp-json\/wp\/v2\/pages\/1176\/revisions"}],"up":[{"embeddable":true,"href":"http:\/\/muestra.vansterandlei.com\/es\/wp-json\/wp\/v2\/pages\/1227"}],"wp:featuredmedia":[{"embeddable":true,"href":"http:\/\/muestra.vansterandlei.com\/es\/wp-json\/wp\/v2\/media\/2556"}],"wp:attachment":[{"href":"http:\/\/muestra.vansterandlei.com\/es\/wp-json\/wp\/v2\/media?parent=1176"}],"curies":[{"name":"wp","href":"https:\/\/api.w.org\/{rel}","templated":true}]}}