{"id":1181,"date":"2017-02-01T16:31:42","date_gmt":"2017-02-01T16:31:42","guid":{"rendered":"http:\/\/muestra.vansterandlei.com\/?page_id=1181"},"modified":"2017-04-20T07:54:59","modified_gmt":"2017-04-20T07:54:59","slug":"desarrollo-de-productos","status":"publish","type":"page","link":"http:\/\/muestra.vansterandlei.com\/es\/mecanica2\/desarrollo-de-productos\/","title":{"rendered":"Desarrollo de Producto"},"content":{"rendered":"La divisi\u00f3n de Mec\u00e1nica Estructural de ESTEYCO proporciona servicios altamente especializados a sus clientes del entorno industrial durante todas las fases del desarrollo de sus productos, desde la derivaci\u00f3n de especificaciones b\u00e1sicas y el dise\u00f1o conceptual, hasta soporte espec\u00edfico en las fases de prototipado, pruebas y producci\u00f3n final. El uso especializado y consciente de las m\u00e1s avanzadas herramientas de simulaci\u00f3n mec\u00e1nica y dise\u00f1o asistido por ordenador (CAD) aporta una ventaja esencial a la hora de comprender major el comportamiento de un dise\u00f1o espec\u00edfico en entornos complejos y plantear soluciones de dise\u00f1o encaminadas a cumplir los objetivos propuestos.<\/p>\n<p>Los procesos de dise\u00f1o normalmente se benefician de la exposici\u00f3n de \u00a0la divisi\u00f3n de Mec\u00e1nica Estructural, a diferentes sectores, tecnolog\u00edas y contextos de ingenier\u00eda en t\u00e9rminos de innovaci\u00f3n y eficiencia.","protected":false},"excerpt":{"rendered":"<p>La divisi\u00f3n de Mec\u00e1nica Estructural de ESTEYCO proporciona servicios altamente especializados a sus clientes del entorno industrial durante todas las fases del desarrollo de sus productos, desde la derivaci\u00f3n de especificaciones b\u00e1sicas y el dise\u00f1o conceptual, hasta soporte espec\u00edfico en las fases de prototipado, pruebas y producci\u00f3n final. El uso especializado y consciente de las &hellip; <a href=\"http:\/\/muestra.vansterandlei.com\/es\/mecanica2\/desarrollo-de-productos\/\" class=\"more-link\">Continue reading<span class=\"screen-reader-text\"> \u00abDesarrollo de Producto\u00bb<\/span><\/a><\/p>\n","protected":false},"author":1,"featured_media":2568,"parent":1227,"menu_order":6,"comment_status":"closed","ping_status":"closed","template":"single-proyectos-mecanica_.php","meta":{"pgc_sgb_lightbox_settings":""},"wps_subtitle":"","_links":{"self":[{"href":"http:\/\/muestra.vansterandlei.com\/es\/wp-json\/wp\/v2\/pages\/1181"}],"collection":[{"href":"http:\/\/muestra.vansterandlei.com\/es\/wp-json\/wp\/v2\/pages"}],"about":[{"href":"http:\/\/muestra.vansterandlei.com\/es\/wp-json\/wp\/v2\/types\/page"}],"author":[{"embeddable":true,"href":"http:\/\/muestra.vansterandlei.com\/es\/wp-json\/wp\/v2\/users\/1"}],"replies":[{"embeddable":true,"href":"http:\/\/muestra.vansterandlei.com\/es\/wp-json\/wp\/v2\/comments?post=1181"}],"version-history":[{"count":0,"href":"http:\/\/muestra.vansterandlei.com\/es\/wp-json\/wp\/v2\/pages\/1181\/revisions"}],"up":[{"embeddable":true,"href":"http:\/\/muestra.vansterandlei.com\/es\/wp-json\/wp\/v2\/pages\/1227"}],"wp:featuredmedia":[{"embeddable":true,"href":"http:\/\/muestra.vansterandlei.com\/es\/wp-json\/wp\/v2\/media\/2568"}],"wp:attachment":[{"href":"http:\/\/muestra.vansterandlei.com\/es\/wp-json\/wp\/v2\/media?parent=1181"}],"curies":[{"name":"wp","href":"https:\/\/api.w.org\/{rel}","templated":true}]}}