{"id":1183,"date":"2017-02-01T16:32:26","date_gmt":"2017-02-01T16:32:26","guid":{"rendered":"http:\/\/muestra.vansterandlei.com\/?page_id=1183"},"modified":"2017-04-20T07:52:51","modified_gmt":"2017-04-20T07:52:51","slug":"energia-electrica","status":"publish","type":"page","link":"http:\/\/muestra.vansterandlei.com\/es\/mecanica2\/energia-electrica\/","title":{"rendered":"Energ\u00eda"},"content":{"rendered":"Algunas capacidades singulares y espec\u00edficas desarrolladas en el campo del an\u00e1lisis de fen\u00f3menos de transferencia de calor y balance de energ\u00eda han sido utilizadas con \u00e9xito en el dise\u00f1o de numerosos componentes sometidos a intensos flujos de calor o a condiciones t\u00e9rmicas singulares, estacionarias o transitorias. Desde problemas de fatiga t\u00e9rmica en intercambiadores de calor, a fisuraci\u00f3n en presas durante su proceso constructivo.<\/p>\n<p>La experiencia del equipo \u00a0la divisi\u00f3n de Mec\u00e1nica Estructural de ESTEYCO \u00a0en otras disciplinas clave como la din\u00e1mica estructural, el dise\u00f1o s\u00edsmico, los efectos dependientes del tiempo o la estabilidad estructural contribuyen a dar respuesta a las necesidades espec\u00edficas de nuestros clientes en problemas reales de ingenier\u00eda dotados, muchas veces, de una cierta singularidad.<\/p>\n<p>La divisi\u00f3n de Mec\u00e1nica Estructural complementa el papel de ESTEYCO como actor clave en la prestaci\u00f3n integral de servicios de ingenier\u00eda de alto valor a\u00f1adido en el sector de la energ\u00eda e\u00f3lica, desde el liderazgo actual en servicios de consultor\u00eda en ingenier\u00eda civil hasta un papel activo en el an\u00e1lisis y dise\u00f1o de los principales componentes mec\u00e1nicos de turbinas e\u00f3licas.","protected":false},"excerpt":{"rendered":"<p>Algunas capacidades singulares y espec\u00edficas desarrolladas en el campo del an\u00e1lisis de fen\u00f3menos de transferencia de calor y balance de energ\u00eda han sido utilizadas con \u00e9xito en el dise\u00f1o de numerosos componentes sometidos a intensos flujos de calor o a condiciones t\u00e9rmicas singulares, estacionarias o transitorias. Desde problemas de fatiga t\u00e9rmica en intercambiadores de calor, &hellip; <a href=\"http:\/\/muestra.vansterandlei.com\/es\/mecanica2\/energia-electrica\/\" class=\"more-link\">Continue reading<span class=\"screen-reader-text\"> \u00abEnerg\u00eda\u00bb<\/span><\/a><\/p>\n","protected":false},"author":1,"featured_media":1532,"parent":1227,"menu_order":4,"comment_status":"closed","ping_status":"closed","template":"single-proyectos-mecanica_.php","meta":{"pgc_sgb_lightbox_settings":""},"wps_subtitle":"","_links":{"self":[{"href":"http:\/\/muestra.vansterandlei.com\/es\/wp-json\/wp\/v2\/pages\/1183"}],"collection":[{"href":"http:\/\/muestra.vansterandlei.com\/es\/wp-json\/wp\/v2\/pages"}],"about":[{"href":"http:\/\/muestra.vansterandlei.com\/es\/wp-json\/wp\/v2\/types\/page"}],"author":[{"embeddable":true,"href":"http:\/\/muestra.vansterandlei.com\/es\/wp-json\/wp\/v2\/users\/1"}],"replies":[{"embeddable":true,"href":"http:\/\/muestra.vansterandlei.com\/es\/wp-json\/wp\/v2\/comments?post=1183"}],"version-history":[{"count":0,"href":"http:\/\/muestra.vansterandlei.com\/es\/wp-json\/wp\/v2\/pages\/1183\/revisions"}],"up":[{"embeddable":true,"href":"http:\/\/muestra.vansterandlei.com\/es\/wp-json\/wp\/v2\/pages\/1227"}],"wp:featuredmedia":[{"embeddable":true,"href":"http:\/\/muestra.vansterandlei.com\/es\/wp-json\/wp\/v2\/media\/1532"}],"wp:attachment":[{"href":"http:\/\/muestra.vansterandlei.com\/es\/wp-json\/wp\/v2\/media?parent=1183"}],"curies":[{"name":"wp","href":"https:\/\/api.w.org\/{rel}","templated":true}]}}