{"id":1185,"date":"2017-02-01T16:32:53","date_gmt":"2017-02-01T16:32:53","guid":{"rendered":"http:\/\/muestra.vansterandlei.com\/?page_id=1185"},"modified":"2017-04-20T07:52:43","modified_gmt":"2017-04-20T07:52:43","slug":"fusion-nuclear-y-fision","status":"publish","type":"page","link":"http:\/\/muestra.vansterandlei.com\/es\/mecanica2\/fusion-nuclear-y-fision\/","title":{"rendered":"Fusi\u00f3n Nuclear y fisi\u00f3n"},"content":{"rendered":"La participaci\u00f3n de\u00a0la divisi\u00f3n de Mec\u00e1nica Estructural de ESTEYCO, en la fusi\u00f3n nuclear se centra en el proyecto ITER, en el que trabajamos en varias disciplinas de ingenier\u00eda y en muchos de los componentes m\u00e1s importantes del ITER tanto para ITER Organization como para la Agencia Dom\u00e9stica Europea (Fusion for Energy). La fusi\u00f3n nuclear es un pilar clave en el plan estrat\u00e9gico a largo plazo para la divisi\u00f3n de Mec\u00e1nica Estructural como un ejemplo protot\u00edpico en el que la necesidad de abordar los problemas no convencionales en ingenier\u00eda surge diariamente Se est\u00e1n lanzando nuevas l\u00edneas de actividad para DEMO e IFMIF.<\/p>\n<p>En el \u00e1mbito de la generaci\u00f3n de energ\u00eda nuclear, la divisi\u00f3n de Mec\u00e1nica Estructural despliega su actividad en apoyando a los tecn\u00f3logos, a los propietarios y operadores de centrales nucleares y al Consejo de Seguridad Nuclear.","protected":false},"excerpt":{"rendered":"<p>La participaci\u00f3n de\u00a0la divisi\u00f3n de Mec\u00e1nica Estructural de ESTEYCO, en la fusi\u00f3n nuclear se centra en el proyecto ITER, en el que trabajamos en varias disciplinas de ingenier\u00eda y en muchos de los componentes m\u00e1s importantes del ITER tanto para ITER Organization como para la Agencia Dom\u00e9stica Europea (Fusion for Energy). La fusi\u00f3n nuclear es &hellip; <a href=\"http:\/\/muestra.vansterandlei.com\/es\/mecanica2\/fusion-nuclear-y-fision\/\" class=\"more-link\">Continue reading<span class=\"screen-reader-text\"> \u00abFusi\u00f3n Nuclear y fisi\u00f3n\u00bb<\/span><\/a><\/p>\n","protected":false},"author":1,"featured_media":2527,"parent":1227,"menu_order":3,"comment_status":"closed","ping_status":"closed","template":"single-proyectos-mecanica_.php","meta":{"pgc_sgb_lightbox_settings":""},"wps_subtitle":"","_links":{"self":[{"href":"http:\/\/muestra.vansterandlei.com\/es\/wp-json\/wp\/v2\/pages\/1185"}],"collection":[{"href":"http:\/\/muestra.vansterandlei.com\/es\/wp-json\/wp\/v2\/pages"}],"about":[{"href":"http:\/\/muestra.vansterandlei.com\/es\/wp-json\/wp\/v2\/types\/page"}],"author":[{"embeddable":true,"href":"http:\/\/muestra.vansterandlei.com\/es\/wp-json\/wp\/v2\/users\/1"}],"replies":[{"embeddable":true,"href":"http:\/\/muestra.vansterandlei.com\/es\/wp-json\/wp\/v2\/comments?post=1185"}],"version-history":[{"count":0,"href":"http:\/\/muestra.vansterandlei.com\/es\/wp-json\/wp\/v2\/pages\/1185\/revisions"}],"up":[{"embeddable":true,"href":"http:\/\/muestra.vansterandlei.com\/es\/wp-json\/wp\/v2\/pages\/1227"}],"wp:featuredmedia":[{"embeddable":true,"href":"http:\/\/muestra.vansterandlei.com\/es\/wp-json\/wp\/v2\/media\/2527"}],"wp:attachment":[{"href":"http:\/\/muestra.vansterandlei.com\/es\/wp-json\/wp\/v2\/media?parent=1185"}],"curies":[{"name":"wp","href":"https:\/\/api.w.org\/{rel}","templated":true}]}}