{"id":122,"date":"2016-11-04T08:44:00","date_gmt":"2016-11-04T08:44:00","guid":{"rendered":"http:\/\/muestra.vansterandlei.com\/?page_id=122"},"modified":"2019-02-15T10:36:51","modified_gmt":"2019-02-15T10:36:51","slug":"english-aviso-legal","status":"publish","type":"page","link":"http:\/\/muestra.vansterandlei.com\/es\/aviso-legal\/","title":{"rendered":"Aviso Legal"},"content":{"rendered":"<div style=\"margin-top:150px;\"><\/div>\n<section class=\"container\">\n<div class=\"wpb_row vc_row-fluid full-row\">\n<p><!-- Contenido de sucursales --><\/p>\n<div class=\"row contato-row\">\n<div class=\"row avis-padding\">\n<div class=\"col-md-12 aviso-leg\">\n<h2 style=\"text-align:center; font-size:54px;\"><strong>Aviso Legal<\/strong><\/h2>\n<p><\/p>\n<h6>1. DATOS IDENTIFICADOS<\/h6>\n<div class=\"avisop\">\n<p>En cumplimiento con el deber de informaci\u00f3n recogido en el art\u00edculo 10 de la Ley 34\/2002, de 11 de julio, de Servicios de la Sociedad de la Informaci\u00f3n y del Comercio Electr\u00f3nico, a continuaci\u00f3n, se reflejan los siguientes datos: la empresa titular de dominio web es ESTEYCO SA (en adelante ESTEYCO), con domicilio a estos efectos en Men\u00e9ndez Pidal, n\u00famero 17, Madrid de C.I.F.: A-28344083 inscrita en el registro Mercantil de Madrid, en el tomo 3.428 de la secci\u00f3n 3, del libro de sociedades, folio 43, hoja 25508 con n\u00famero de protocolo 166, Correo electr\u00f3nico de contacto: esteyco@muestra.vansterandlei.com del sitio web.<\/p>\n<\/div>\n<\/div>\n<div class=\"col-md-12 aviso-leg\">\n<h6>2. USUARIOS<\/h6>\n<div class=\"avisop\">\n<p>El acceso y\/o uso de este portal de ESTEYCO atribuye la condici\u00f3n de USUARIO, que acepta, desde dicho acceso y\/o uso, las Condiciones Generales de Uso aqu\u00ed reflejadas. Las citadas Condiciones ser\u00e1n de aplicaci\u00f3n independientemente de las Condiciones Generales de Contrataci\u00f3n que en su caso resulten de obligado cumplimiento.<\/p>\n<\/div>\n<\/div>\n<div class=\"col-md-12 aviso-leg\">\n<h6>3. USO DEL PORTAL<\/h6>\n<div class=\"avisop\">\n<p>Los sitios web\u00a0<a href=\"http:\/\/muestra.vansterandlei.com\">www.esteyco.com<\/a>\u00a0,\u00a0<a href=\"https:\/\/www.esteycoenergia.com\">www.esteycoenergia.com<\/a>\u00a0, <a href=\"https:\/\/www.fundacionesteyco.com\">www.fundacionesteyco.com<\/a> proporcionan el acceso a multitud de informaciones, servicios, programas o datos (en adelante, \u00ablos contenidos\u00bb) en internet pertenecientes a ESTEYCO o a sus licenciantes a los que el USUARIO pueda tener acceso. EL USUARIO asume la responsabilidad del uso del portal. Dicha responsabilidad se extiende al registro que fuese necesario para acceder a determinados servicios o contenidos. En dicho registro el USUARIO ser\u00e1 responsable de aportar informaci\u00f3n veraz y l\u00edcita. Como consecuencia de este registro, al USUARIO se le puede proporcionar una contrase\u00f1a de la que ser\u00e1 responsable, comprometi\u00e9ndose a hacer un uso diligente y confidencial de la misma.<\/p>\n<\/div>\n<\/div>\n<div class=\"col-md-12 aviso-leg\">\n<h6>4. PROPIEDAD INTELECTUAL E INDUSTRIAL<\/h6>\n<div class=\"avisop\">\n<p>ESTEYCO, es titular de todos los derechos de propiedad intelectual e industrial de su p\u00e1gina web, as\u00ed como de los elementos contenidos en la misma (a t\u00edtulo enunciativo, im\u00e1genes, sonido, audio, v\u00eddeo, software o textos: marcas o logotipos, combinaciones de colores, estructura y dise\u00f1o, selecci\u00f3n de materiales usados, programas de ordenador necesarios para su funcionamiento, acceso y uso, etc.), titularidad de ESTEYCO o bien de sus licenciantes. Todos los derechos reservados. En virtud de los dispuesto en los art\u00edculos 8 y 32.1, p\u00e1rrafo segundo, de la Ley de Propiedad Intelectual, quedan expresamente prohibidas la reproducci\u00f3n, la distribuci\u00f3n y la comunicaci\u00f3n p\u00fablica, incluida su modalidad de puesta a disposici\u00f3n, de la totalidad o parte de los contenidos de esta p\u00e1gina web, con fines comerciales, en cualquier soporte y por cualquier medio t\u00e9cnico, sin la autorizaci\u00f3n de ESTEYCO. El USUARIO se compromete a respetar los derechos de Propiedad Intelectual e Industrial titularidad de ESTEYCO. Podr\u00e1 visualizar los elementos del portal e incluso imprimirlos, copiarlos y almacenarlos en el disco duro de su ordenador o en cualquier otro soporte f\u00edsico siempre y cuando sea, \u00fanica y exclusivamente, alterar, eludir o manipular cualquier dispositivo de protecci\u00f3n o sistemas de seguridad que estuviera instalado en las p\u00e1ginas de ESTEYCO.<\/p>\n<\/div>\n<\/div>\n<div class=\"col-md-12 aviso-leg\">\n<h6>5. EXCLUSI\u00d3N DE GARANT\u00cdAS Y RESPONSABILIDAD<\/h6>\n<div class=\"avisop\">\n<p>ESTEYCO no se hace responsable, en ning\u00fan caso, de los da\u00f1os y perjuicios de cualquier naturaleza que pudieran ocasionar, a t\u00edtulo enunciativo: errores u omisiones en los contenidos, falta de disponibilidad del portal o la transmisi\u00f3n de virus o programas maliciosos o lesivos en los contenidos, a pesar de haber adoptado todas las medidas tecnol\u00f3gicas necesarias para evitarlo.<\/p>\n<\/div>\n<\/div>\n<div class=\"col-md-12 aviso-leg\">\n<h6>6. MODIFICACIONES<\/h6>\n<div class=\"avisop\">\n<p>ESTEYCO se reserva el derecho de efectuar sin previo aviso las modificaciones que considere oportunas en su portal, pudiendo cambiar, suprimir o a\u00f1adir tanto los contenidos y servicios que se presten a trav\u00e9s de la misma como la forma en la que \u00e9stos aparezcan presentados o localizados en su portal.<\/p>\n<\/div>\n<\/div>\n<div class=\"col-md-12 aviso-leg\">\n<h6>7. ENLACES<\/h6>\n<div class=\"avisop\">\n<p>En el caso de que en\u00a0<a href=\"http:\/\/muestra.vansterandlei.com\">www.esteyco.com<\/a>\u00a0y\u00a0<a href=\"https:\/\/www.esteycoenergia.com\">www.esteycoenergia.com<\/a>\u00a0se dispusiesen enlaces o hiperv\u00ednculos hac\u00eda otros sitios de internet, ESTEYCO no ejercer\u00e1 ning\u00fan tipo de control sobre dichos sitios y contenidos.<br \/>\nen ning\u00fan caso ESTEYCO asumir\u00e1 responsabilidad alg\u00fan enlace perteneciente a un sitio web ajeno, ni garantizar\u00e1 la disponibilidad t\u00e9cnica, calidad, fiabilidad, exactitud, amplitud, veracidad, validez y constitucionalidad de cualquier material o informaci\u00f3n contenida en ninguno de dichos hiperv\u00ednculos u otros sitios de internet. Igualmente, la conclusi\u00f3n de estas conexiones externas no implicar\u00e1 ning\u00fan tipo de asociaci\u00f3n, fusi\u00f3n o participaci\u00f3n con las entidades conectadas.<\/p>\n<\/div>\n<\/div>\n<div class=\"col-md-12 aviso-leg\">\n<h6>8. DERECHO DE EXCLUSI\u00d3N<\/h6>\n<div class=\"avisop\">\n<p>ESTEYCO se reserva el derecho a denegar o retirar el acceso a portal y\/o los servicios ofrecidos sin necesidad de preaviso, a instancia propia o de un tercero, a aquellos usuarios que incumplan las presentes Condiciones Generales de Uso.<\/p>\n<\/div>\n<\/div>\n<div class=\"col-md-12 aviso-leg\">\n<h6>9. GENERALIDADES<\/h6>\n<div class=\"avisop\">\n<p>ESTEYCO perseguir\u00e1 el incumplimiento de las presentes condiciones, as\u00ed como cualquier utilizaci\u00f3n indebida de su portal ejerciendo todas las acciones civiles y penales que le puedan corresponder en derecho.<\/p>\n<\/div>\n<\/div>\n<div class=\"col-md-12 aviso-leg\">\n<h6>10. MODIFICACI\u00d3N DE LAS PRESENTES CONDICIONES Y DURACI\u00d3N<\/h6>\n<div class=\"avisop\">\n<p>ESTEYCO podr\u00e1 modificar en cualquier momento las condiciones aqu\u00ed determinadas, siendo debidamente publicadas como aqu\u00ed aparecen.<\/p>\n<\/div>\n<\/div>\n<div class=\"col-md-12 aviso-leg\">\n<h6>11. LEGISLACI\u00d3N APLICABLE Y JURISDICCI\u00d3N<\/h6>\n<div class=\"avisop\">\n<p>La relaci\u00f3n entre ESTEYCO y el USUARIO se regir\u00e1 por la normativa espa\u00f1ola vigente y cualquier controversia se someter\u00e1 a los Juzgados y tribunales de la ciudad de Madrid.<\/p>\n<\/div>\n<\/div>\n<div class=\"col-md-12 aviso-leg\">\n<h6>12. POLITICA DE PRIVACIDAD<\/h6>\n<div class=\"avisop\">\n<p>La confidencialidad, el secreto profesional y la seguridad son valores primordiales de\u00a0Esteyco S.A., que asume el compromiso de garantizar la privacidad del interesado.<br \/>\nPor ello, siguiendo los principios de licitud, lealtad y transparencia del Reglamento (UE) 2016\/679 General de Protecci\u00f3n de Datos (RGPD), ponemos a tu disposici\u00f3n la siguiente informaci\u00f3n para explicarte c\u00f3mo tratamos los datos personales que nos proporcionas al relacionarte con nosotros.<\/p>\n<p><b>Responsable del tratamiento de los datos<\/b><\/p>\n<p>ENTIDAD: ESTEYCO S.A.<br \/>\nCIF: A28344083<br \/>\nDOMICILIO SOCIAL: C\/ MENENDEZ PIDAL N\u00ba 17 BAJO, 28036, MADRID<br \/>\nEmail: rgpd@muestra.vansterandlei.com<br \/>\nTel\u00e9fono: 913597878<\/p>\n<p><strong>Con qu\u00e9 finalidad tratamos tus datos personales<\/strong><\/p>\n<p>En ESTEYCO tratamos la informaci\u00f3n que nos facilitas con la finalidad de mantener relaciones comerciales\/profesionales, gestionar el env\u00edo de la informaci\u00f3n que nos solicita o resolver las consultas que nos plantea, gestionar la relaci\u00f3n contractual que nos une, tramitar su candidatura y facilitarte ofertas de nuestros servicios y\/o productos, as\u00ed como de eventos, proyectos y actividades de su inter\u00e9s caso que lo hubieras consentido expresamente.<\/p>\n<p><strong>Por cu\u00e1nto tiempo conservaremos tus datos personales<\/strong><\/p>\n<p>Tus datos ser\u00e1n conservados hasta que se hayan satisfecho las finalidades anteriormente descritas y, m\u00e1s all\u00e1 de este plazo, para atender responsabilidades o en cumplimiento de una obligaci\u00f3n legal.<\/p>\n<p><strong>Cu\u00e1l es la legitimaci\u00f3n para el tratamiento de tus datos<\/strong><\/p>\n<p>La base legal para el tratamiento de tus datos puede ser la ejecuci\u00f3n de una relaci\u00f3n contractual potencial y\/o suscrita, el inter\u00e9s leg\u00edtimo, la habilitaci\u00f3n legal y\/o el consentimiento del propio interesado. Los datos que te solicitamos son adecuados, pertinentes y estrictamente necesarios y en ning\u00fan caso est\u00e1 obligado a facilit\u00e1rnoslos, pero su no comunicaci\u00f3n podr\u00e1 afectar a la finalidad del servicio o la imposibilidad de prestarlo.<\/p>\n<p><strong>A qu\u00e9 destinatarios se comunicar\u00e1n tus datos<\/strong><\/p>\n<p>Esteyco \u00fanicamente ceder\u00e1 los datos a Fundaci\u00f3n Esteyco con la finalidad de gestionar el env\u00edo de la informaci\u00f3n. Para el resto de los supuestos, s\u00f3lo comunicaremos tus datos a terceros, si media tu consentimiento expreso o en cumplimiento de una obligaci\u00f3n legal.<\/p>\n<p>No obstante, tus datos podr\u00e1n ser tratados por empresas proveedoras de servicios de Esteyco que, en el marco de la prestaci\u00f3n, puedan tener un acceso potencial a los datos o requieran su tratamiento para satisfacer el servicio. Con tales empresas se ha firmado el correspondiente contrato de Encargado de Tratamiento obligando a las mismas a adoptar las medidas de seguridad necesarias para garantizar la confidencialidad, integridad, disponibilidad y resilencias permanentes de los sistemas y servicios de tratamiento de los datos personales, a fin de evitar la p\u00e9rdida, borrado o destrucci\u00f3n de los datos y el acceso indebido o no autorizado a los mismos.<\/p>\n<p><strong>Cu\u00e1les son tus derechos cuando nos facilita tus datos<\/strong><\/p>\n<p>Los derechos de protecci\u00f3n de datos de los que eres titular como interesado son:<\/p>\n<p>&#8211; Derecho de acceso: obtener informaci\u00f3n sobre si tus datos est\u00e1n siendo objeto de tratamiento, la finalidad del tratamiento, el origen de los datos y cesiones realizadas o previstas.<\/p>\n<p>&#8211; Derecho de rectificaci\u00f3n: pedir que se modifiquen aquellos de tus datos que resulten ser inexactos o incompletos.<\/p>\n<p>&#8211; Derecho de supresi\u00f3n: pedir que se eliminen o borren los datos personales cuando ya no sean necesarios, cuando se retire el consentimiento, hayan sido tratados il\u00edcitamente, etc. En ese caso, se deber\u00e1n poder bloquear los datos y, posteriormente, eliminar cualquier copia, enlace y r\u00e9plica de los datos. Todo ello, siempre que no lo impida una obligaci\u00f3n legal, o sea necesario para el ejercicio o defensa de reclamaciones.<\/p>\n<p>&#8211; Derecho de oposici\u00f3n: solicitar que no se lleve a cabo un determinado tratamiento de datos de car\u00e1cter personal.<\/p>\n<p>&#8211; Derecho a solicitar la limitaci\u00f3n de su tratamiento: solicitar que no se apliquen tus datos personales a las operaciones de tratamiento que en cada caso corresponder\u00edan.<\/p>\n<p>&#8211; Derecho a la portabilidad de los datos: pedir que se faciliten tus datos a otra entidad, o a t\u00ed mismo, en un formato estructurado, de uso com\u00fan y lectura mec\u00e1nica. Dicha solicitud s\u00f3lo se podr\u00e1 realizar sobre datos cuyo tratamiento est\u00e9 basado en el consentimiento o en un contrato, y siempre que el tratamiento se efect\u00fae por medios automatizados.<\/p>\n<p>Puedes ejercitar tus derechos dirigiendo una comunicaci\u00f3n por escrito al domicilio social de Esteyco o al correo electr\u00f3nico habilitado a tal efecto, rgpd@muestra.vansterandlei.com , incluyendo en ambos casos fotocopia de tu DNI u otro documento de identificaci\u00f3n equivalente.<\/p>\n<p>Modelos, formularios y m\u00e1s informaci\u00f3n disponible sobre sus derechos en la p\u00e1gina web de la autoridad de control nacional, Agencia Espa\u00f1ola de Protecci\u00f3n de Datos (en adelante, \u201cAEPD\u201d) www.agpd.es<br \/>\nTienes la posibilidad y el derecho a retirar el consentimiento para cualquiera finalidad espec\u00edfica otorgada en su momento, sin que ello afecte a la licitud del tratamiento basado en el consentimiento previo a su retirada.<br \/>\nDe conformidad con el art. 22 de la Ley 34\/2002 de Servicios de la Sociedad de la Informaci\u00f3n y de Comercio Electr\u00f3nico, caso que lo hubieras consentido, puedes oponerte posteriormente al env\u00edo de comunicaciones comerciales por correo electronico o medios equivalentes dirigi\u00e9ndote al correo electr\u00f3nico rgdp@muestra.vansterandlei.com.<\/p>\n<p><strong>Seguridad y actualizaci\u00f3n de tus datos personales<\/strong><\/p>\n<p>Con el objetivo de salvaguardar la seguridad de tus datos personales, te informamos que Esteyco ha adoptado todas las medidas de \u00edndole t\u00e9cnica y organizativa necesarias para garantizar la protecci\u00f3n de los datos personales suministrados. Todo ello para evitar su alteraci\u00f3n, p\u00e9rdida, y\/o tratamientos o accesos no autorizados, tal como exige la normativa, si bien la seguridad absoluta no existe.<br \/>\nEs importante que, para que podamos mantener tus datos personales actualizados, nos informes siempre que se produzca una modificaci\u00f3n de los mismos.<\/p>\n<p><strong>Confidencialidad<\/strong><\/p>\n<p>Esteyco te informa que tus datos ser\u00e1n tratados con el m\u00e1ximo celo y confidencialidad por todo el personal que intervenga en cualquiera de las fases del tratamiento. Como explicamos anteriormente, no cederemos ni comunicaremos a ning\u00fan tercero tus datos, excepto que lo autorices expresamente o por exigencia de una obligaci\u00f3n legal; salvo a la Fundaci\u00f3n Esteyco.<\/p>\n<p><strong>Modificaciones de la Pol\u00edtica de Privacidad<\/strong><\/p>\n<p>Esteyco\u00a0puede alterar la presente pol\u00edtica de privacidad para adaptarla a los cambios legislativos sobre datos personales que vayan apareciendo y que afecten a dicha pol\u00edtica. \u00a0Siempre que actualicemos nuestra Pol\u00edtica de Privacidad, tomaremos las medidas adecuadas para informarle en base a la importancia de los cambios que realicemos. Nos aseguraremos de obtener su consentimiento a cualquier cambio importante en la Pol\u00edtica de Privacidad siempre que lo exijan las leyes de protecci\u00f3n de datos aplicables. Le recomendamos que revise peri\u00f3dicamente esta p\u00e1gina para obtener la informaci\u00f3n m\u00e1s reciente sobre nuestras pr\u00e1cticas de privacidad.<\/p>\n<\/div>\n<\/div>\n<\/div>\n<\/div>\n<\/div>\n<\/section>","protected":false},"excerpt":{"rendered":"<p>Aviso Legal 1. DATOS IDENTIFICADOS En cumplimiento con el deber de informaci\u00f3n recogido en el art\u00edculo 10 de la Ley 34\/2002, de 11 de julio, de Servicios de la Sociedad de la Informaci\u00f3n y del Comercio Electr\u00f3nico, a continuaci\u00f3n, se reflejan los siguientes datos: la empresa titular de dominio web es ESTEYCO SA (en adelante &hellip; <a href=\"http:\/\/muestra.vansterandlei.com\/es\/aviso-legal\/\" class=\"more-link\">Continue reading<span class=\"screen-reader-text\"> \u00abAviso Legal\u00bb<\/span><\/a><\/p>\n","protected":false},"author":1,"featured_media":0,"parent":0,"menu_order":0,"comment_status":"closed","ping_status":"closed","template":"legal.php","meta":{"pgc_sgb_lightbox_settings":""},"wps_subtitle":"","_links":{"self":[{"href":"http:\/\/muestra.vansterandlei.com\/es\/wp-json\/wp\/v2\/pages\/122"}],"collection":[{"href":"http:\/\/muestra.vansterandlei.com\/es\/wp-json\/wp\/v2\/pages"}],"about":[{"href":"http:\/\/muestra.vansterandlei.com\/es\/wp-json\/wp\/v2\/types\/page"}],"author":[{"embeddable":true,"href":"http:\/\/muestra.vansterandlei.com\/es\/wp-json\/wp\/v2\/users\/1"}],"replies":[{"embeddable":true,"href":"http:\/\/muestra.vansterandlei.com\/es\/wp-json\/wp\/v2\/comments?post=122"}],"version-history":[{"count":0,"href":"http:\/\/muestra.vansterandlei.com\/es\/wp-json\/wp\/v2\/pages\/122\/revisions"}],"wp:attachment":[{"href":"http:\/\/muestra.vansterandlei.com\/es\/wp-json\/wp\/v2\/media?parent=122"}],"curies":[{"name":"wp","href":"https:\/\/api.w.org\/{rel}","templated":true}]}}