{"id":126,"date":"2016-11-04T08:56:07","date_gmt":"2016-11-04T08:56:07","guid":{"rendered":"http:\/\/muestra.vansterandlei.com\/?page_id=126"},"modified":"2017-03-29T10:54:30","modified_gmt":"2017-03-29T10:54:30","slug":"mapa-web","status":"publish","type":"page","link":"http:\/\/muestra.vansterandlei.com\/es\/mapa-web\/","title":{"rendered":"Mapa Web"},"content":{"rendered":"<div class=\"col-md-12\">\n<div class=\"row\">\n<div class=\"col-md-2 map-cont\">\n<div class=\"box-border\">\n<div class=\"top-bor\"><\/div>\n<h2><a href=\"\/sobre-esteyco\">Sobre Esteyco<\/a><\/h2>\n<h5><a href=\"\/sobre-esteyco\/javier-rui-wamba\/\">\/ Javie Rui-Wamba<\/a><\/h5>\n<h5><a href=\"\/sobre-esteyco\/nuestro-equipo\/\">\/ Nuestro equipo<\/a><\/h5>\n<h5><a href=\"\/sobre-esteyco\/responsabilidad-social\/\">\/ Resposabilidad social<\/a><\/h5>\n<h5><a href=\"\/sobre-esteyco\/calidad\/\">\/ Calidad<\/a><\/h5>\n<\/div>\n<\/div>\n<div class=\"col-md-10 map-cont\">\n<div class=\"box-border map-resp\">\n<div>\n<div class=\"top-bor\"><\/div>\n<h2><a href=\"\/servicios\/\">Servicios y proyectos<\/a><\/h2>\n<div class=\"col-md-3 col-sm-6\">\n<h5><a href=\"\/infraestructuras\/\">\/ Infraestructuras<\/a><\/h5>\n<p>_ Viaria<\/p>\n<p>_ Ferroviaria<\/p>\n<p>_ Log\u00edstica<\/p>\n<p>_ Estructuras<\/p>\n<p>_ Ingenier\u00eda<\/p>\n<p>_ Medio ambiente<\/p>\n<\/div>\n<div class=\"col-md-3 col-sm-6\">\n<h5><a href=\"\/servicios\/energia\/\">\/ Energ\u00eda<\/a><\/h5>\n<p>_ E\u00f3lica<\/p>\n<p>_ Torres<\/p>\n<p>_ Off shore<\/p>\n<p>_ Solar fotovoltaico<\/p>\n<p>_ Gas<\/p>\n<p>_ Otras energ\u00edas<\/p>\n<\/div>\n<div class=\"col-md-3 col-sm-6 prox-div\">\n<h5><a href=\"\/servicios\/arquitectura-y-urbanismo\/\">\/ Arquitectura &amp; urbanismo<\/a><\/h5>\n<p>_ Integraci\u00f3n<\/p>\n<p>_ Urbanismo<\/p>\n<p>_ Arquitectura sostenible<\/p>\n<p>_ Cuidades<\/p>\n<p>_ Edificaciones<\/p>\n<p>_ Colaboraciones<\/p>\n<\/div>\n<div class=\"col-md-3 col-sm-6 prox-div\">\n<h5><a href=\"\/servicios\/mecanica-estructural\/\">\/ Mec\u00e1nica estructural<\/a><\/h5>\n<p>_ Ciencia<\/p>\n<p>_ Aeroespacial y transporte<\/p>\n<p>_ Fusi\u00f3n nuclear y fisi\u00f3n<\/p>\n<p>_ Energ\u00eda el\u00e9ctrica<\/p>\n<p>_ Infraestructuras civiles e industriales<\/p>\n<p>_ Desarollo de producto<\/p>\n<\/div>\n<\/div>\n<\/div>\n<\/div>\n<\/div>\n<div class=\"row\">\n<div class=\"col-md-2 map-cont\">\n<div class=\"box-border\">\n<div class=\"top-bor\"><\/div>\n<h2><a href=\"\/idi\/\">I+D+i<\/a><\/h2>\n<\/div>\n<\/div>\n<div class=\"col-md-2 map-cont\">\n<div class=\"box-border\">\n<div class=\"top-bor\"><\/div>\n<h2><a href=\"\/fundacion-esteyco\/\">Fundaci\u00f3n Esteyco<\/a><\/h2>\n<\/div>\n<\/div>\n<div class=\"col-md-2 map-cont\">\n<div class=\"box-border\">\n<div class=\"top-bor\"><\/div>\n<h2><a href=\"http:\/\/clientes.esteyco.es\/\">Acceso Clientes<\/a><\/h2>\n<\/div>\n<\/div>\n<div class=\"col-md-2 map-cont\">\n<div class=\"box-border\">\n<div class=\"top-bor\"><\/div>\n<h2><a href=\"\/news-media\/\">News &amp; Media<\/h2>\n<\/div>\n<\/div>\n<div class=\"col-md-2 map-cont\">\n<div class=\"box-border\">\n<div class=\"top-bor\"><\/div>\n<h2><a href=\"\/contacto\/\">Contacto<\/a><\/h2>\n<\/div>\n<\/div>\n<div class=\"col-md-2 map-cont\">\n<div class=\"box-border\">\n<div class=\"top-bor\"><\/div>\n<h2><a href=\"\/aviso-legal\/\">Aviso legal<\/a><\/h2>\n<\/div>\n<\/div>\n<\/div>\n<\/div>","protected":false},"excerpt":{"rendered":"<p>Sobre Esteyco \/ Javie Rui-Wamba \/ Nuestro equipo \/ Resposabilidad social \/ Calidad Servicios y proyectos \/ Infraestructuras _ Viaria _ Ferroviaria _ Log\u00edstica _ Estructuras _ Ingenier\u00eda _ Medio ambiente \/ Energ\u00eda _ E\u00f3lica _ Torres _ Off shore _ Solar fotovoltaico _ Gas _ Otras energ\u00edas \/ Arquitectura &amp; urbanismo _ Integraci\u00f3n _ &hellip; <a href=\"http:\/\/muestra.vansterandlei.com\/es\/mapa-web\/\" class=\"more-link\">Continue reading<span class=\"screen-reader-text\"> \u00abMapa Web\u00bb<\/span><\/a><\/p>\n","protected":false},"author":1,"featured_media":0,"parent":0,"menu_order":0,"comment_status":"closed","ping_status":"closed","template":"mapa.php","meta":{"pgc_sgb_lightbox_settings":""},"wps_subtitle":"","_links":{"self":[{"href":"http:\/\/muestra.vansterandlei.com\/es\/wp-json\/wp\/v2\/pages\/126"}],"collection":[{"href":"http:\/\/muestra.vansterandlei.com\/es\/wp-json\/wp\/v2\/pages"}],"about":[{"href":"http:\/\/muestra.vansterandlei.com\/es\/wp-json\/wp\/v2\/types\/page"}],"author":[{"embeddable":true,"href":"http:\/\/muestra.vansterandlei.com\/es\/wp-json\/wp\/v2\/users\/1"}],"replies":[{"embeddable":true,"href":"http:\/\/muestra.vansterandlei.com\/es\/wp-json\/wp\/v2\/comments?post=126"}],"version-history":[{"count":0,"href":"http:\/\/muestra.vansterandlei.com\/es\/wp-json\/wp\/v2\/pages\/126\/revisions"}],"wp:attachment":[{"href":"http:\/\/muestra.vansterandlei.com\/es\/wp-json\/wp\/v2\/media?parent=126"}],"curies":[{"name":"wp","href":"https:\/\/api.w.org\/{rel}","templated":true}]}}