{"id":14,"date":"2016-10-14T08:25:52","date_gmt":"2016-10-14T08:25:52","guid":{"rendered":"http:\/\/anthony.local\/esteyco2\/?page_id=14"},"modified":"2020-03-24T08:58:30","modified_gmt":"2020-03-24T08:58:30","slug":"sobre-esteyco","status":"publish","type":"page","link":"http:\/\/muestra.vansterandlei.com\/es\/sobre-esteyco\/","title":{"rendered":"Sobre esteyco"},"content":{"rendered":"Esteyco es una consultor\u00eda independiente de arquitectura civil e ingenier\u00eda<br \/>\ncon m\u00e1s de 40 a\u00f1os de servicio en todo el mundo.","protected":false},"excerpt":{"rendered":"<p>Esteyco es una consultor\u00eda independiente de arquitectura civil e ingenier\u00eda con m\u00e1s de 40 a\u00f1os de servicio en todo el mundo.<\/p>\n","protected":false},"author":1,"featured_media":2981,"parent":0,"menu_order":0,"comment_status":"closed","ping_status":"closed","template":"sobre-esteyco.php","meta":{"pgc_sgb_lightbox_settings":""},"wps_subtitle":"Qu\u00e9 es ESTEYCO","_links":{"self":[{"href":"http:\/\/muestra.vansterandlei.com\/es\/wp-json\/wp\/v2\/pages\/14"}],"collection":[{"href":"http:\/\/muestra.vansterandlei.com\/es\/wp-json\/wp\/v2\/pages"}],"about":[{"href":"http:\/\/muestra.vansterandlei.com\/es\/wp-json\/wp\/v2\/types\/page"}],"author":[{"embeddable":true,"href":"http:\/\/muestra.vansterandlei.com\/es\/wp-json\/wp\/v2\/users\/1"}],"replies":[{"embeddable":true,"href":"http:\/\/muestra.vansterandlei.com\/es\/wp-json\/wp\/v2\/comments?post=14"}],"version-history":[{"count":0,"href":"http:\/\/muestra.vansterandlei.com\/es\/wp-json\/wp\/v2\/pages\/14\/revisions"}],"wp:featuredmedia":[{"embeddable":true,"href":"http:\/\/muestra.vansterandlei.com\/es\/wp-json\/wp\/v2\/media\/2981"}],"wp:attachment":[{"href":"http:\/\/muestra.vansterandlei.com\/es\/wp-json\/wp\/v2\/media?parent=14"}],"curies":[{"name":"wp","href":"https:\/\/api.w.org\/{rel}","templated":true}]}}