{"id":26,"date":"2016-10-14T08:59:20","date_gmt":"2016-10-14T08:59:20","guid":{"rendered":"http:\/\/anthony.local\/esteyco2\/?page_id=26"},"modified":"2019-05-22T15:49:22","modified_gmt":"2019-05-22T15:49:22","slug":"fundacion","status":"publish","type":"page","link":"http:\/\/muestra.vansterandlei.com\/es\/fundacion-esteyco\/","title":{"rendered":"Fundaci\u00f3n ESTEYCO"},"content":{"rendered":"<div class=\"logo-fun\"><\/div>\n<div class=\"col-md-12 texto-lema up\">\n<h4 class=\"titulo-fundacion\">LEMA E IDEARIO<\/h4>\n<p>En mayo de 1991 se constituy\u00f3 la Fundaci\u00f3n Esteyco con la finalidad de contribuir al progreso de la ingenier\u00eda y de la arquitectura en nuestro pa\u00eds.\u00a0La situaci\u00f3n de precariedad e incertidumbre en que se ha estado desenvolviendo la ingenier\u00eda espa\u00f1ola independiente, ha exigido hasta ahora actitudes b\u00e1sicamente de supervivencia.<\/p>\n<p>El esfuerzo de un creciente colectivo de profesionales y de \u00f3rganos de la Administraci\u00f3n ha ido, sin embargo, consolidando un sector cuyos servicios son considerados indispensables en una sociedad moderna y eficiente.<\/p>\n<p>Es tiempo de pensar en el futuro, confiando en que no tardar\u00e1 en hacerse presente.<\/p>\n<\/div>\n<div class=\"col-md-6 col-fundacion\">\n<article class=\"icon-box5\"><i class=\"sl-check\"><\/i>Contribuyamos a una s\u00f3lida formaci\u00f3n de los profesionales de la ingenier\u00eda, conscientes de que las organizaciones valen lo que valen sus miembros y de que en la ingenier\u00eda el valor de las personas se mide por el nivel de sus conocimientos.<\/article>\n<article class=\"icon-box5\"><i class=\"sl-check\"><\/i>Alentemos mejores y m\u00e1s frecuentes colaboraciones interprofesionales, eliminando fronteras innecesarias.<\/article>\n<article class=\"icon-box5\"><i class=\"sl-check\"><\/i>Reivindiquemos un espacio cualitativamente destacado de la ingenier\u00eda en la sociedad\u00a0e impulsemos la evoluci\u00f3n de la imperante cultura del hacer hacia la cultura del hacer pensando.<\/article>\n<\/div>\n<div class=\"col-md-6 col-fundacion\">\n<article class=\"icon-box5\"><i class=\"sl-check\"><\/i>Sint\u00e1monos involucrados con la Universidad y centros de investigaci\u00f3n.<\/article>\n<article class=\"icon-box5\"><i class=\"sl-check\"><\/i>Aseguremos la estabilidad y pervivencia de nuestras organizaciones y establezcamos los medios para que su vitalidad, garant\u00eda de futuro, no se encuentre lastrada.<\/article>\n<article class=\"icon-box5\"><i class=\"sl-check\"><\/i>Valoremos nuestra independencia, no como un arma contra nadie, sino fundamentalmente como un atributo intelectual inherente a quienes tienen por oficio pensar, informar y decidir libremente.<\/article>\n<\/div>\n<div class=\"firma-fundacion row\">\n<div class=\"col-md-12\">\n<div class=\"col-md-6\"><\/div>\n<div class=\"col-md-6\">\n<div class=\"firma-content\">\n<h5>JAVIER RUI-WAMBA MARTIJA<\/h5>\n<h5>Ingeniero de Caminos, Canales y Puertos<\/h5>\n<h5>Presidente de la Fundaci\u00f3n Esteyco<\/h5>\n<\/div>\n<\/div>\n<\/div>\n<\/div>","protected":false},"excerpt":{"rendered":"<p>LEMA E IDEARIO En mayo de 1991 se constituy\u00f3 la Fundaci\u00f3n Esteyco con la finalidad de contribuir al progreso de la ingenier\u00eda y de la arquitectura en nuestro pa\u00eds.\u00a0La situaci\u00f3n de precariedad e incertidumbre en que se ha estado desenvolviendo la ingenier\u00eda espa\u00f1ola independiente, ha exigido hasta ahora actitudes b\u00e1sicamente de supervivencia. El esfuerzo de &hellip; <a href=\"http:\/\/muestra.vansterandlei.com\/es\/fundacion-esteyco\/\" class=\"more-link\">Continue reading<span class=\"screen-reader-text\"> \u00abFundaci\u00f3n ESTEYCO\u00bb<\/span><\/a><\/p>\n","protected":false},"author":1,"featured_media":738,"parent":0,"menu_order":0,"comment_status":"closed","ping_status":"closed","template":"","meta":{"pgc_sgb_lightbox_settings":""},"wps_subtitle":"","_links":{"self":[{"href":"http:\/\/muestra.vansterandlei.com\/es\/wp-json\/wp\/v2\/pages\/26"}],"collection":[{"href":"http:\/\/muestra.vansterandlei.com\/es\/wp-json\/wp\/v2\/pages"}],"about":[{"href":"http:\/\/muestra.vansterandlei.com\/es\/wp-json\/wp\/v2\/types\/page"}],"author":[{"embeddable":true,"href":"http:\/\/muestra.vansterandlei.com\/es\/wp-json\/wp\/v2\/users\/1"}],"replies":[{"embeddable":true,"href":"http:\/\/muestra.vansterandlei.com\/es\/wp-json\/wp\/v2\/comments?post=26"}],"version-history":[{"count":0,"href":"http:\/\/muestra.vansterandlei.com\/es\/wp-json\/wp\/v2\/pages\/26\/revisions"}],"wp:featuredmedia":[{"embeddable":true,"href":"http:\/\/muestra.vansterandlei.com\/es\/wp-json\/wp\/v2\/media\/738"}],"wp:attachment":[{"href":"http:\/\/muestra.vansterandlei.com\/es\/wp-json\/wp\/v2\/media?parent=26"}],"curies":[{"name":"wp","href":"https:\/\/api.w.org\/{rel}","templated":true}]}}